{"id":84229,"date":"2023-08-09T11:19:56","date_gmt":"2023-08-09T15:19:56","guid":{"rendered":"https:\/\/www.terryberry.com\/?page_id=84229"},"modified":"2026-02-17T19:30:15","modified_gmt":"2026-02-18T00:30:15","slug":"logiciel-de-reconnaissance-des-employes","status":"publish","type":"page","link":"https:\/\/www.terryberry.com\/fr-ca\/logiciel-de-reconnaissance-des-employes\/","title":{"rendered":"Logiciel de reconnaissance des employ\u00e9s"},"content":{"rendered":"\n<h1>\n\t\tLogiciel de reconnaissance des employ\u00e9s\n\t<\/h1>\n<h2>\n\t\tD\u00e9velopper une grande culture Commence par la reconnaissance\n\t<\/h2>\n\tLorsque les employ\u00e9s se sentent appr\u00e9ci\u00e9s, ils s&#8217;investissent dans leur travail. Qu&#8217;ils soient au bureau,<br>\n\u00e0 la maison ou dans le monde entier, la reconnaissance prend les individus et les transforme en \u00e9quipe.\n      <a href=\"https:\/\/pardot.terryberry.com\/l\/279502\/2022-05-04\/t44d6\">\n        T\u00e9l\u00e9charger la brochure      <\/a>\n\t\t\t\t<img decoding=\"async\" src=\"https:\/\/www.terryberry.com\/wp-content\/uploads\/2023\/05\/home-page-hero-01-1.png\" alt=\"home page hero-01\" itemprop=\"image\" title=\"home page hero-01\" onerror=\"this.style.display='none'\">\n<h2>\n\t\tSoyez reconnu avec la plateforme de reconnaissance des employ\u00e9s de Terryberry\n\t<\/h2>\n\t<p>Notre plateforme pour les employ\u00e9s offre des solutions de reconnaissance et de r\u00e9compense personnalisables, le tout en un seul endroit. Il s&#8217;agit de votre centre logiciel pour tout ce dont vous avez besoin pour concevoir et d\u00e9velopper une culture de la reconnaissance au sein de votre organisation.<\/p>\n\t\t\t\t<a href=\"https:\/\/www.terryberry.com\/social-recognition\" target=\"_self\" itemprop=\"url\" rel=\"noopener\">\n\t\t\t\t<img decoding=\"async\" src=\"https:\/\/www.terryberry.com\/wp-content\/uploads\/2023\/05\/ICON-EMPLOYEE-RECOGNITION-01-150x150.png\" alt=\"ICON EMPLOYEE RECOGNITION-01\" itemprop=\"image\" height=\"150\" width=\"150\" title=\"ICON EMPLOYEE RECOGNITION-01\" onerror=\"this.style.display='none'\">\n\t\t\t\t<\/a>\n<h4>\n\t\t<a href=\"https:\/\/www.terryberry.com\/social-recognition\" title=\"Reconnaissance sociale\" target=\"_self\" rel=\"noopener\">\n\t\tReconnaissance sociale\n\t\t<\/a>\n\t<\/h4>\n\t<p>Reconnaissance de pair \u00e0 pair, reconnaissance sociale et reconnaissance par le gestionnaire , le tout en un seul endroit.<\/p>\n\t\t\t<a href=\"https:\/\/www.terryberry.com\/social-recognition\/\" target=\"_self\" rel=\"noopener\">\n\t\t\t\t\t\t\tEn savoir plus\n\t\t\t\t\t<\/a>\n\t\t\t\t<a href=\"\/employee-incentives\/\" target=\"_self\" itemprop=\"url\" rel=\"noopener\">\n\t\t\t\t<img decoding=\"async\" src=\"https:\/\/www.terryberry.com\/wp-content\/uploads\/2023\/05\/ICON-INCENTIVES-01-150x150.png\" alt=\"ICON INCENTIVES-01\" itemprop=\"image\" height=\"150\" width=\"150\" title=\"ICON INCENTIVES-01\" onerror=\"this.style.display='none'\">\n\t\t\t\t<\/a>\n<h4>\n\t\t<a href=\"\/employee-incentives\/\" title=\"Incitations pour les employ\u00e9s\" target=\"_self\" rel=\"noopener\">\n\t\tIncitations pour les employ\u00e9s\n\t\t<\/a>\n\t<\/h4>\n\t<p>Cr\u00e9ez des campagnes comp\u00e9titives personnalis\u00e9es qui motivent r\u00e9ellement.<\/p>\n<p>&nbsp;<\/p>\n\t\t\t<a href=\"https:\/\/www.terryberry.com\/employee-incentives\/\" target=\"_self\" rel=\"noopener\">\n\t\t\t\t\t\t\tEn savoir plus\n\t\t\t\t\t<\/a>\n\t\t\t\t<a href=\"\/service-awards\" target=\"_self\" itemprop=\"url\" rel=\"noopener\">\n\t\t\t\t<img decoding=\"async\" src=\"https:\/\/www.terryberry.com\/wp-content\/uploads\/2023\/05\/ICON-SERVICE-AWARDS-01-150x150.png\" alt=\"ICON SERVICE AWARDS-01\" itemprop=\"image\" height=\"150\" width=\"150\" title=\"ICON SERVICE AWARDS-01\" onerror=\"this.style.display='none'\">\n\t\t\t\t<\/a>\n<h4>\n\t\t<a href=\"\/service-awards\/\" title=\"R\u00e9compenses de service\" target=\"_self\" rel=\"noopener\">\n\t\tR\u00e9compenses de service\n\t\t<\/a>\n\t<\/h4>\n\t<p>Ne manquez plus jamais les anniversaires, les r\u00e9alisations ou les \u00e9tapes importantes de votre carri\u00e8re.<\/p>\n\t\t\t<a href=\"https:\/\/www.terryberry.com\/service-awards\/\" target=\"_self\" rel=\"noopener\">\n\t\t\t\t\t\t\tEn savoir plus\n\t\t\t\t\t<\/a>\n\t\t\t\t<img decoding=\"async\" src=\"https:\/\/www.terryberry.com\/wp-content\/uploads\/2023\/08\/green-girl-with-value-statement_FR-2.png\" alt=\"green girl with value statement_FR\" itemprop=\"image\" height=\"853\" width=\"1080\" title=\"green girl with value statement_FR\" onerror=\"this.style.display='none'\">\n    <a href=\"#gformModal_11\" data-toggle=\"modal\">Schedule a Demo<\/a>\n\t\t<h2>\n\t\tPourquoi choisir Be Recognized pour la reconnaissance des employ\u00e9s&nbsp;?\n\t<\/h2>\n\tLe logiciel de reconnaissance des employ\u00e9s de Be Recognized vous aide \u00e0 cr\u00e9er une organisation engag\u00e9e et motiv\u00e9e gr\u00e2ce \u00e0 la reconnaissance des employ\u00e9s, au bien-\u00eatre de l&#8217;entreprise, aux r\u00e9compenses personnalis\u00e9es et \u00e0 l&#8217;analyse. Adaptable pour r\u00e9pondre \u00e0 vos besoins uniques. Notre programme de reconnaissance des employ\u00e9s est \u00e0 la fois robuste et convivial. La plateforme \u00ab&nbsp;Be&nbsp;\u00bb est v\u00e9ritablement l&#8217;engagement des employ\u00e9s en toute simplicit\u00e9.<br>\nt\u00e9l\u00e9phone de reconnaissance\n\t\t\t\t<img decoding=\"async\" src=\"https:\/\/www.terryberry.com\/wp-content\/uploads\/2023\/05\/recognition-phone.png\" alt=\"recognition phone\" itemprop=\"image\" title=\"recognition phone\" onerror=\"this.style.display='none'\">\n\t\t\t<h3> GUICHET UNIQUE<\/h3> <p>Nos r\u00e9compenses et bijoux personnalis\u00e9s sont fabriqu\u00e9s en interne, ce qui permet un degr\u00e9 de personnalisation plus \u00e9lev\u00e9<\/p>\t\t\n\t\t\t<h3> \u00c9VOLUTIF<\/h3> <p>Vous voulez que votre programme grandisse avec vous ? Nos options \u00e9volutives permettent aux utilisateurs de commencer lentement et de monter en puissance au fil du temps.<\/p>\t\t\n\t\t\t<h3> INT\u00c9GRATIONS<\/h3> <p>Notre plateforme de reconnaissance des employ\u00e9s s&#8217;int\u00e8gre \u00e0 des outils de travail populaires, tels que Slack, Microsoft Teams, Outlook et de nombreuses plateformes SIRH\/HCM.<\/p>\t\t\n    <a href=\"#gformModal_11\" data-toggle=\"modal\">See it in Action, Schedule a Demo Now!<\/a>\n\t\t\t\t<img decoding=\"async\" src=\"https:\/\/www.terryberry.com\/wp-content\/uploads\/2023\/05\/ICON-EMPLOYEE-RECOGNITION-01-300x300.png\" alt=\"ICON EMPLOYEE RECOGNITION-01\" itemprop=\"image\" title=\"ICON EMPLOYEE RECOGNITION-01\" onerror=\"this.style.display='none'\">\n<h4>\n\t\tR\u00e9compenses de service\n\t<\/h4>\n\t<ul>\n<li>Reconnaissez et c\u00e9l\u00e9brez les anniversaires, les r\u00e9alisations et les \u00e9tapes importantes de la carri\u00e8re de vos employ\u00e9s.<\/li>\n<li>Choisissez parmi notre s\u00e9lection de prix de reconnaissance et de cadeaux d&#8217;appr\u00e9ciation personnalis\u00e9s.<\/li>\n<li>Gr\u00e2ce \u00e0 la fabrication et \u00e0 l&#8217;ex\u00e9cution en interne, nous sommes en mesure d&#8217;offrir rapidement des r\u00e9compenses hautement personnalis\u00e9es.<\/li>\n<\/ul>\n\t\t\t<a href=\"https:\/\/www.terryberry.com\/service-awards\/\" target=\"_self\" rel=\"noopener\">\n\t\t\t\t\t\t\tEn savoir plus\n\t\t\t\t\t<\/a>\n\t\t\t\t<img decoding=\"async\" src=\"https:\/\/www.terryberry.com\/wp-content\/uploads\/2023\/05\/ICON-INCENTIVES-01-300x300.png\" alt=\"ICON INCENTIVES-01\" itemprop=\"image\" title=\"ICON INCENTIVES-01\" onerror=\"this.style.display='none'\">\n<h4>\n\t\t<a href=\"https:\/\/www.terryberry.com\/social-recognition\" title=\"Reconnaissance sociale\" target=\"_self\" rel=\"noopener\">\n\t\tReconnaissance sociale\n\t\t<\/a>\n\t<\/h4>\n\t<ul>\n<li>Avec la reconnaissance de pair \u00e0 pair bas\u00e9e sur votre mission, votre vision et vos valeurs, ne manquez plus jamais un moment de reconnaissance.<\/li>\n<li>Montrez l&#8217;exemple avec la reconnaissance des managers.<\/li>\n<li>Associez-vous \u00e0 Terryberry pour \u00e9laborer une strat\u00e9gie de reconnaissance adapt\u00e9e \u00e0 vos employ\u00e9s, \u00e0 vos valeurs et \u00e0 votre budget.<\/li>\n<\/ul>\n\t\t\t<a href=\"https:\/\/www.terryberry.com\/social-recognition\/\" target=\"_self\" rel=\"noopener\">\n\t\t\t\t\t\t\tEn savoir plus\n\t\t\t\t\t<\/a>\n\t\t\t\t<img decoding=\"async\" src=\"https:\/\/www.terryberry.com\/wp-content\/uploads\/2023\/05\/ICON-SERVICE-AWARDS-01-300x300.png\" alt=\"ICON SERVICE AWARDS-01\" itemprop=\"image\" title=\"ICON SERVICE AWARDS-01\" onerror=\"this.style.display='none'\">\n<h4>\n\t\tIncitations pour les employ\u00e9s\n\t<\/h4>\n\t<ul>\n<li>Motivez et engagez vos employ\u00e9s avec des primes de vente, de bien-\u00eatre et de s\u00e9curit\u00e9.<\/li>\n<li>R\u00e9compensez les performances avec des points, des cadeaux ou des r\u00e9compenses personnalis\u00e9es qui c\u00e9l\u00e8brent les r\u00e9ussites.<\/li>\n<li>Associez-vous \u00e0 Terryberry pour cr\u00e9er des campagnes et des programmes comp\u00e9titifs personnalis\u00e9s.<\/li>\n<\/ul>\n\t\t\t<a href=\"https:\/\/www.terryberry.com\/employee-incentives\/\" target=\"_self\" rel=\"noopener\">\n\t\t\t\t\t\t\tEn savoir plus\n\t\t\t\t\t<\/a>\n<h2>\n\t\tPourquoi Terryberry ?\n\t<\/h2>\n\t\t\t\t<img decoding=\"async\" src=\"https:\/\/www.terryberry.com\/wp-content\/uploads\/2023\/05\/years-in-employee-engagement.png\" alt=\"years in employee engagement\" itemprop=\"image\" title=\"years in employee engagement\" onerror=\"this.style.display='none'\">\n<h4>\n\t\t100 +\n\t<\/h4>\n\t<p>ANN\u00c9ES D&#8217;ENGAGEMENT DES EMPLOY\u00c9S<\/p>\n\t\t\t\t<img decoding=\"async\" src=\"https:\/\/www.terryberry.com\/wp-content\/uploads\/2023\/05\/global-clients.png\" alt=\"global clients\" itemprop=\"image\" title=\"global clients\" onerror=\"this.style.display='none'\">\n<h4>\n\t\t40,000 +\n\t<\/h4>\n\t<p>CLIENTS GLOBAUX<\/p>\n\t\t\t\t<img decoding=\"async\" src=\"https:\/\/www.terryberry.com\/wp-content\/uploads\/2023\/05\/recognition-moments.png\" alt=\"recognition moments\" itemprop=\"image\" title=\"recognition moments\" onerror=\"this.style.display='none'\">\n<h4>\n\t\t1,000,000 +\n\t<\/h4>\n\t<p>MOMENTS DE RECONNAISSANCE D\u00c9LIVR\u00c9S CHAQUE ANN\u00c9E<\/p>\n\t\t\t\t<img decoding=\"async\" src=\"https:\/\/www.terryberry.com\/wp-content\/uploads\/2023\/05\/countries-served.png\" alt=\"countries served\" itemprop=\"image\" title=\"countries served\" onerror=\"this.style.display='none'\">\n<h4>\n\t\t150 +\n\t<\/h4>\n\t<p>PAYS DESSERVIS<\/p>\n\t\t\t\t<img decoding=\"async\" src=\"https:\/\/www.terryberry.com\/wp-content\/uploads\/2023\/05\/nps-score.png\" alt=\"nps score\" itemprop=\"image\" title=\"nps score\" onerror=\"this.style.display='none'\">\n<h4>\n\t\tPlus que 90%\n\t<\/h4>\n\t<p>R\u00c9SULTATS NPS<\/p>\n\t\t\t\t<img decoding=\"async\" src=\"https:\/\/www.terryberry.com\/wp-content\/uploads\/2023\/05\/google-review.png\" alt=\"google review\" itemprop=\"image\" title=\"google review\" onerror=\"this.style.display='none'\">\n<h4>\n\t\t4.9\n\t<\/h4>\n\t<p>R\u00c9SULTATS DE L&#8217;AVIS DE GOOGLE<\/p>\n\t\t\t\t<a href=\"https:\/\/www.featuredcustomers.com\/vendors?q=terryberry\" target=\"_self\" itemprop=\"url\" rel=\"noopener\">\n\t\t\t\t<img decoding=\"async\" src=\"https:\/\/www.terryberry.com\/wp-content\/uploads\/2023\/05\/Featured-Customers-Customer-Success-2023-300x237-1.png\" alt=\"Featured-Customers-Customer-Success-2023-300x237\" itemprop=\"image\" title=\"Featured-Customers-Customer-Success-2023-300x237\" onerror=\"this.style.display='none'\">\n\t\t\t\t<\/a>\n\t\t\t\t<a href=\"https:\/\/www.featuredcustomers.com\/vendors?q=terryberry\" target=\"_self\" itemprop=\"url\" rel=\"noopener\">\n\t\t\t\t<img decoding=\"async\" src=\"https:\/\/www.terryberry.com\/wp-content\/uploads\/2023\/05\/MARKET-LEADER-EMPLOYEE-RECOG.png\" alt=\"MARKET LEADER EMPLOYEE RECOG\" itemprop=\"image\" title=\"MARKET LEADER EMPLOYEE RECOG\" onerror=\"this.style.display='none'\">\n\t\t\t\t<\/a>\n\t\t\t\t<a href=\"https:\/\/www.g2.com\/products\/terryberry\/reviews\" target=\"_self\" itemprop=\"url\" rel=\"noopener\">\n\t\t\t\t<img decoding=\"async\" src=\"https:\/\/www.terryberry.com\/wp-content\/uploads\/2023\/05\/G2-Terryberry-Users-Love-Us-231x300-1.png\" alt=\"G2-Terryberry-Users-Love-Us-231x300\" itemprop=\"image\" title=\"G2-Terryberry-Users-Love-Us-231x300\" onerror=\"this.style.display='none'\">\n\t\t\t\t<\/a>\n\t\t\t\t<a href=\"https:\/\/www.featuredcustomers.com\/vendor\/terryberry\" target=\"_self\" itemprop=\"url\" rel=\"noopener\">\n\t\t\t\t<img decoding=\"async\" src=\"https:\/\/www.terryberry.com\/wp-content\/uploads\/2023\/04\/Asset-11@4x.png\" alt=\"Asset 11@4x\" itemprop=\"image\" title=\"Asset 11@4x\" onerror=\"this.style.display='none'\">\n\t\t\t\t<\/a>\n\t\t\t\t<a href=\"https:\/\/www.g2.com\/products\/terryberry\/reviews\" target=\"_self\" itemprop=\"url\" rel=\"noopener\">\n\t\t\t\t<img decoding=\"async\" src=\"https:\/\/www.terryberry.com\/wp-content\/uploads\/2023\/05\/EmployeeRecognition_Leader_Mid-Market_Leader-1.png\" alt=\"EmployeeRecognition_Leader_Mid-Market_Leader\" itemprop=\"image\" height=\"130\" width=\"100\" title=\"EmployeeRecognition_Leader_Mid-Market_Leader\" onerror=\"this.style.display='none'\">\n\t\t\t\t<\/a>\n\t\t\t\t<a href=\"https:\/\/www.g2.com\/products\/terryberry\/reviews\" target=\"_self\" itemprop=\"url\" rel=\"noopener\">\n\t\t\t\t<img decoding=\"async\" src=\"https:\/\/www.terryberry.com\/wp-content\/uploads\/2023\/05\/EmployeeRecognition_Leader_Small-Business_Leader.png\" alt=\"EmployeeRecognition_Leader_Small-Business_Leader\" itemprop=\"image\" height=\"130\" width=\"100\" title=\"EmployeeRecognition_Leader_Small-Business_Leader\" onerror=\"this.style.display='none'\">\n\t\t\t\t<\/a>\n\t\t\t\t<a href=\"https:\/\/www.capterra.com\/p\/125712\/360-Recognition\/\" target=\"_self\" itemprop=\"url\" rel=\"noopener\">\n\t\t\t\t<img decoding=\"async\" src=\"https:\/\/www.terryberry.com\/wp-content\/uploads\/2023\/04\/Group-2.png\" alt=\"Group-2\" itemprop=\"image\" title=\"Group-2\" onerror=\"this.style.display='none'\">\n\t\t\t\t<\/a>\n\t\t\t\t<a href=\"https:\/\/www.shrm.org\/certification\/Pages\/hr-certification.aspx\" target=\"_self\" itemprop=\"url\" rel=\"noopener\">\n\t\t\t\t<img decoding=\"async\" src=\"https:\/\/www.terryberry.com\/wp-content\/uploads\/2023\/05\/SHRM-LOGO.png\" alt=\"SHRM LOGO\" itemprop=\"image\" title=\"SHRM LOGO\" onerror=\"this.style.display='none'\">\n\t\t\t\t<\/a>\n\t\t\t\t<a href=\"https:\/\/www.hrci.org\/\" target=\"_self\" itemprop=\"url\" rel=\"noopener\">\n\t\t\t\t<img decoding=\"async\" src=\"https:\/\/www.terryberry.com\/wp-content\/uploads\/2023\/05\/HCRI-LOGO.png\" alt=\"HCRI LOGO\" itemprop=\"image\" title=\"HCRI LOGO\" onerror=\"this.style.display='none'\">\n\t\t\t\t<\/a>\n\t\t\t\t<a href=\"https:\/\/thebestandbrightest.com\/?s=TERRYBERRY\" target=\"_self\" itemprop=\"url\" rel=\"noopener\">\n\t\t\t\t<img decoding=\"async\" src=\"https:\/\/www.terryberry.com\/wp-content\/uploads\/2023\/05\/best-and-brightest-1-300x169.png\" alt=\"best and brightest\" itemprop=\"image\" title=\"best and brightest\" onerror=\"this.style.display='none'\">\n\t\t\t\t<\/a>\n<h2>\n\t\tUne plateforme, plusieurs solutions.\n\t<\/h2>\n    <a href=\"#gformModal_11\" data-toggle=\"modal\">Schedule a Demo<\/a>\n","protected":false},"excerpt":{"rendered":"<p>Logiciel de reconnaissance des employ\u00e9s D\u00e9velopper une grande culture Commence par la reconnaissance Lorsque les employ\u00e9s se sentent appr\u00e9ci\u00e9s, ils s&#8217;investissent dans leur travail. Qu&#8217;ils soient au bureau, \u00e0 la maison ou dans le monde entier, la reconnaissance prend les individus et les transforme en \u00e9quipe. T\u00e9l\u00e9charger la brochure Soyez reconnu avec la plateforme de [&hellip;]<\/p>\n","protected":false},"author":26,"featured_media":0,"parent":0,"menu_order":0,"comment_status":"closed","ping_status":"closed","template":"","meta":{"_acf_changed":false,"content-type":"","inline_featured_image":false,"footnotes":""},"class_list":["post-84229","page","type-page","status-publish","hentry","last","even"],"acf":[],"yoast_head":"<!-- This site is optimized with the Yoast SEO Premium plugin v22.1 (Yoast SEO v27.0) - https:\/\/yoast.com\/product\/yoast-seo-premium-wordpress\/ -->\n<title>Employee Recognition Software &amp; Platform - Terryberry<\/title>\n<meta name=\"description\" content=\"Terryberry&#039;s 360 Recognition Platform is one hub with everything you need for effective employee recognition in your organization. Learn more.\" \/>\n<meta name=\"robots\" content=\"index, follow, max-snippet:-1, max-image-preview:large, max-video-preview:-1\" \/>\n<link rel=\"canonical\" href=\"https:\/\/www.terryberry.com\/fr-ca\/logiciel-de-reconnaissance-des-employes\/\" \/>\n<meta property=\"og:locale\" content=\"fr_CA\" \/>\n<meta property=\"og:type\" content=\"article\" \/>\n<meta property=\"og:title\" content=\"Logiciel de reconnaissance des employ\u00e9s\" \/>\n<meta property=\"og:description\" content=\"Terryberry&#039;s 360 Recognition Platform is one hub with everything you need for effective employee recognition in your organization. Learn more.\" \/>\n<meta property=\"og:url\" content=\"https:\/\/www.terryberry.com\/fr-ca\/logiciel-de-reconnaissance-des-employes\/\" \/>\n<meta property=\"og:site_name\" content=\"Terryberry\" \/>\n<meta property=\"article:publisher\" content=\"https:\/\/www.facebook.com\/TerryberryCompany\/\" \/>\n<meta property=\"article:modified_time\" content=\"2026-02-18T00:30:15+00:00\" \/>\n<meta property=\"og:image\" content=\"https:\/\/www.terryberry.com\/wp-content\/uploads\/2023\/05\/home-page-hero-01-1.png\" \/>\n<meta name=\"twitter:card\" content=\"summary_large_image\" \/>\n<meta name=\"twitter:site\" content=\"@Terryberryco\" \/>\n<meta name=\"twitter:label1\" content=\"Est. reading time\" \/>\n\t<meta name=\"twitter:data1\" content=\"8 minutes\" \/>\n<script type=\"application\/ld+json\" class=\"yoast-schema-graph\">{\"@context\":\"https:\/\/schema.org\",\"@graph\":[{\"@type\":\"WebPage\",\"@id\":\"https:\/\/www.terryberry.com\/fr-ca\/logiciel-de-reconnaissance-des-employes\/\",\"url\":\"https:\/\/www.terryberry.com\/fr-ca\/logiciel-de-reconnaissance-des-employes\/\",\"name\":\"Employee Recognition Software & Platform - Terryberry\",\"isPartOf\":{\"@id\":\"https:\/\/www.terryberry.com\/#website\"},\"primaryImageOfPage\":{\"@id\":\"https:\/\/www.terryberry.com\/fr-ca\/logiciel-de-reconnaissance-des-employes\/#primaryimage\"},\"image\":{\"@id\":\"https:\/\/www.terryberry.com\/fr-ca\/logiciel-de-reconnaissance-des-employes\/#primaryimage\"},\"thumbnailUrl\":\"https:\/\/www.terryberry.com\/wp-content\/uploads\/2023\/05\/home-page-hero-01-1.png\",\"datePublished\":\"2023-08-09T15:19:56+00:00\",\"dateModified\":\"2026-02-18T00:30:15+00:00\",\"description\":\"Terryberry's 360 Recognition Platform is one hub with everything you need for effective employee recognition in your organization. Learn more.\",\"breadcrumb\":{\"@id\":\"https:\/\/www.terryberry.com\/fr-ca\/logiciel-de-reconnaissance-des-employes\/#breadcrumb\"},\"inLanguage\":\"fr-CA\",\"potentialAction\":[{\"@type\":\"ReadAction\",\"target\":[\"https:\/\/www.terryberry.com\/fr-ca\/logiciel-de-reconnaissance-des-employes\/\"]}]},{\"@type\":\"ImageObject\",\"inLanguage\":\"fr-CA\",\"@id\":\"https:\/\/www.terryberry.com\/fr-ca\/logiciel-de-reconnaissance-des-employes\/#primaryimage\",\"url\":\"https:\/\/www.terryberry.com\/wp-content\/uploads\/2023\/05\/home-page-hero-01-1.png\",\"contentUrl\":\"https:\/\/www.terryberry.com\/wp-content\/uploads\/2023\/05\/home-page-hero-01-1.png\"},{\"@type\":\"BreadcrumbList\",\"@id\":\"https:\/\/www.terryberry.com\/fr-ca\/logiciel-de-reconnaissance-des-employes\/#breadcrumb\",\"itemListElement\":[{\"@type\":\"ListItem\",\"position\":1,\"name\":\"Home\",\"item\":\"https:\/\/www.terryberry.com\/\"},{\"@type\":\"ListItem\",\"position\":2,\"name\":\"Logiciel de reconnaissance des employ\u00e9s\"}]},{\"@type\":\"WebSite\",\"@id\":\"https:\/\/www.terryberry.com\/#website\",\"url\":\"https:\/\/www.terryberry.com\/\",\"name\":\"Terryberry\",\"description\":\"Employee Recognition and Reward Programs\",\"publisher\":{\"@id\":\"https:\/\/www.terryberry.com\/#organization\"},\"potentialAction\":[{\"@type\":\"SearchAction\",\"target\":{\"@type\":\"EntryPoint\",\"urlTemplate\":\"https:\/\/www.terryberry.com\/?s={search_term_string}\"},\"query-input\":{\"@type\":\"PropertyValueSpecification\",\"valueRequired\":true,\"valueName\":\"search_term_string\"}}],\"inLanguage\":\"fr-CA\"},{\"@type\":\"Organization\",\"@id\":\"https:\/\/www.terryberry.com\/#organization\",\"name\":\"Terryberry\",\"url\":\"https:\/\/www.terryberry.com\/\",\"logo\":{\"@type\":\"ImageObject\",\"inLanguage\":\"fr-CA\",\"@id\":\"https:\/\/www.terryberry.com\/#\/schema\/logo\/image\/\",\"url\":\"https:\/\/www.terryberry.com\/wp-content\/uploads\/2021\/07\/NEW-Terryberry-Logo-2.jpg\",\"contentUrl\":\"https:\/\/www.terryberry.com\/wp-content\/uploads\/2021\/07\/NEW-Terryberry-Logo-2.jpg\",\"width\":1098,\"height\":344,\"caption\":\"Terryberry\"},\"image\":{\"@id\":\"https:\/\/www.terryberry.com\/#\/schema\/logo\/image\/\"},\"sameAs\":[\"https:\/\/www.facebook.com\/TerryberryCompany\/\",\"https:\/\/x.com\/Terryberryco\",\"https:\/\/www.linkedin.com\/company\/85647\",\"https:\/\/www.pinterest.com\/terryberryco\/\",\"https:\/\/www.youtube.com\/user\/employeerecognition\"]}]}<\/script>\n<!-- \/ Yoast SEO Premium plugin. -->","yoast_head_json":{"title":"Employee Recognition Software & Platform - Terryberry","description":"Terryberry's 360 Recognition Platform is one hub with everything you need for effective employee recognition in your organization. Learn more.","robots":{"index":"index","follow":"follow","max-snippet":"max-snippet:-1","max-image-preview":"max-image-preview:large","max-video-preview":"max-video-preview:-1"},"canonical":"https:\/\/www.terryberry.com\/fr-ca\/logiciel-de-reconnaissance-des-employes\/","og_locale":"fr_CA","og_type":"article","og_title":"Logiciel de reconnaissance des employ\u00e9s","og_description":"Terryberry's 360 Recognition Platform is one hub with everything you need for effective employee recognition in your organization. Learn more.","og_url":"https:\/\/www.terryberry.com\/fr-ca\/logiciel-de-reconnaissance-des-employes\/","og_site_name":"Terryberry","article_publisher":"https:\/\/www.facebook.com\/TerryberryCompany\/","article_modified_time":"2026-02-18T00:30:15+00:00","og_image":[{"url":"https:\/\/www.terryberry.com\/wp-content\/uploads\/2023\/05\/home-page-hero-01-1.png","type":"","width":"","height":""}],"twitter_card":"summary_large_image","twitter_site":"@Terryberryco","twitter_misc":{"Est. reading time":"8 minutes"},"schema":{"@context":"https:\/\/schema.org","@graph":[{"@type":"WebPage","@id":"https:\/\/www.terryberry.com\/fr-ca\/logiciel-de-reconnaissance-des-employes\/","url":"https:\/\/www.terryberry.com\/fr-ca\/logiciel-de-reconnaissance-des-employes\/","name":"Employee Recognition Software & Platform - Terryberry","isPartOf":{"@id":"https:\/\/www.terryberry.com\/#website"},"primaryImageOfPage":{"@id":"https:\/\/www.terryberry.com\/fr-ca\/logiciel-de-reconnaissance-des-employes\/#primaryimage"},"image":{"@id":"https:\/\/www.terryberry.com\/fr-ca\/logiciel-de-reconnaissance-des-employes\/#primaryimage"},"thumbnailUrl":"https:\/\/www.terryberry.com\/wp-content\/uploads\/2023\/05\/home-page-hero-01-1.png","datePublished":"2023-08-09T15:19:56+00:00","dateModified":"2026-02-18T00:30:15+00:00","description":"Terryberry's 360 Recognition Platform is one hub with everything you need for effective employee recognition in your organization. Learn more.","breadcrumb":{"@id":"https:\/\/www.terryberry.com\/fr-ca\/logiciel-de-reconnaissance-des-employes\/#breadcrumb"},"inLanguage":"fr-CA","potentialAction":[{"@type":"ReadAction","target":["https:\/\/www.terryberry.com\/fr-ca\/logiciel-de-reconnaissance-des-employes\/"]}]},{"@type":"ImageObject","inLanguage":"fr-CA","@id":"https:\/\/www.terryberry.com\/fr-ca\/logiciel-de-reconnaissance-des-employes\/#primaryimage","url":"https:\/\/www.terryberry.com\/wp-content\/uploads\/2023\/05\/home-page-hero-01-1.png","contentUrl":"https:\/\/www.terryberry.com\/wp-content\/uploads\/2023\/05\/home-page-hero-01-1.png"},{"@type":"BreadcrumbList","@id":"https:\/\/www.terryberry.com\/fr-ca\/logiciel-de-reconnaissance-des-employes\/#breadcrumb","itemListElement":[{"@type":"ListItem","position":1,"name":"Home","item":"https:\/\/www.terryberry.com\/"},{"@type":"ListItem","position":2,"name":"Logiciel de reconnaissance des employ\u00e9s"}]},{"@type":"WebSite","@id":"https:\/\/www.terryberry.com\/#website","url":"https:\/\/www.terryberry.com\/","name":"Terryberry","description":"Employee Recognition and Reward Programs","publisher":{"@id":"https:\/\/www.terryberry.com\/#organization"},"potentialAction":[{"@type":"SearchAction","target":{"@type":"EntryPoint","urlTemplate":"https:\/\/www.terryberry.com\/?s={search_term_string}"},"query-input":{"@type":"PropertyValueSpecification","valueRequired":true,"valueName":"search_term_string"}}],"inLanguage":"fr-CA"},{"@type":"Organization","@id":"https:\/\/www.terryberry.com\/#organization","name":"Terryberry","url":"https:\/\/www.terryberry.com\/","logo":{"@type":"ImageObject","inLanguage":"fr-CA","@id":"https:\/\/www.terryberry.com\/#\/schema\/logo\/image\/","url":"https:\/\/www.terryberry.com\/wp-content\/uploads\/2021\/07\/NEW-Terryberry-Logo-2.jpg","contentUrl":"https:\/\/www.terryberry.com\/wp-content\/uploads\/2021\/07\/NEW-Terryberry-Logo-2.jpg","width":1098,"height":344,"caption":"Terryberry"},"image":{"@id":"https:\/\/www.terryberry.com\/#\/schema\/logo\/image\/"},"sameAs":["https:\/\/www.facebook.com\/TerryberryCompany\/","https:\/\/x.com\/Terryberryco","https:\/\/www.linkedin.com\/company\/85647","https:\/\/www.pinterest.com\/terryberryco\/","https:\/\/www.youtube.com\/user\/employeerecognition"]}]}},"_links":{"self":[{"href":"https:\/\/www.terryberry.com\/fr-ca\/wp-json\/wp\/v2\/pages\/84229","targetHints":{"allow":["GET"]}}],"collection":[{"href":"https:\/\/www.terryberry.com\/fr-ca\/wp-json\/wp\/v2\/pages"}],"about":[{"href":"https:\/\/www.terryberry.com\/fr-ca\/wp-json\/wp\/v2\/types\/page"}],"author":[{"embeddable":true,"href":"https:\/\/www.terryberry.com\/fr-ca\/wp-json\/wp\/v2\/users\/26"}],"replies":[{"embeddable":true,"href":"https:\/\/www.terryberry.com\/fr-ca\/wp-json\/wp\/v2\/comments?post=84229"}],"version-history":[{"count":9,"href":"https:\/\/www.terryberry.com\/fr-ca\/wp-json\/wp\/v2\/pages\/84229\/revisions"}],"predecessor-version":[{"id":89910,"href":"https:\/\/www.terryberry.com\/fr-ca\/wp-json\/wp\/v2\/pages\/84229\/revisions\/89910"}],"wp:attachment":[{"href":"https:\/\/www.terryberry.com\/fr-ca\/wp-json\/wp\/v2\/media?parent=84229"}],"curies":[{"name":"wp","href":"https:\/\/api.w.org\/{rel}","templated":true}]}}