{"id":72371,"date":"2022-05-19T13:21:32","date_gmt":"2022-05-19T17:21:32","guid":{"rendered":"https:\/\/www.terryberry.com\/?page_id=72371"},"modified":"2024-03-11T10:35:00","modified_gmt":"2024-03-11T14:35:00","slug":"plateforme-dengagement-des-employes","status":"publish","type":"page","link":"https:\/\/www.terryberry.com\/fr-ca\/plateforme-dengagement-des-employes\/","title":{"rendered":"Plateforme d&#8217;engagement des employ\u00e9s &#8211; CA"},"content":{"rendered":"\n<h1>\n\t\tPlateforme d&#8217;engagement des employ\u00e9s Une plateforme, plusieurs solutions.\n\t<\/h1>\n\tLorsque la reconnaissance, les r\u00e9compenses, le bien-\u00eatre et l&#8217;analyse se combinent,<br>\nla culture d&#8217;entreprise commence \u00e0 se transformer. Transformez votre organisation en une \u00e9quipe engag\u00e9e et<br>\nmotiv\u00e9e gr\u00e2ce \u00e0 la puissance d&#8217;un outil complet &#8211; la plateforme Be.\n\t\t\t<a href=\"#engage\" target=\"_self\" rel=\"noopener\">\n\t\t\t\t\t\t\tENGAGER\n\t\t\t\t\t<\/a>\n\t\t\t<a href=\"#reward\" target=\"_self\" rel=\"noopener\">\n\t\t\t\t\t\t\tR\u00c9COMPENSER\n\t\t\t\t\t<\/a>\n\t\t\t<a href=\"#succeed\" target=\"_self\" rel=\"noopener\">\n\t\t\t\t\t\t\tR\u00c9USSIR\n\t\t\t\t\t<\/a>\n\t\t\t\t<img decoding=\"async\" src=\"https:\/\/www.terryberry.com\/wp-content\/uploads\/2023\/04\/threephones.png\" alt=\"threephones\" itemprop=\"image\" title=\"threephones\" onerror=\"this.style.display='none'\">\n<h2>\n\t\tTransformer l&#8217;engagement des employ\u00e9s avec une plateforme puissante\n\t<\/h2>\n\t\t\t\t<img decoding=\"async\" src=\"https:\/\/www.terryberry.com\/wp-content\/uploads\/2023\/05\/Engage-Icon-01-995x1024.png\" alt=\"Engage Icon-01\" itemprop=\"image\" height=\"1024\" width=\"995\" title=\"Engage Icon-01\" onerror=\"this.style.display='none'\">\n<h3>\n\t\tEngager\n\t<\/h3>\n\tSoyez reconnu, soyez bien et soyez<br>\nconnect\u00e9 o\u00f9 que vous travailliez.\n\t\t\t<a href=\"\" target=\"_self\" rel=\"noopener\">\n\t\t\t\t\t\t\tRECONNAISSANCE\n\t\t\t\t\t<\/a>\n\t\t\t<a href=\"\" target=\"_self\" rel=\"noopener\">\n\t\t\t\t\t\t\tBIEN-\u00caTRE\n\t\t\t\t\t<\/a>\n\t\t\t<a href=\"\" target=\"_self\" rel=\"noopener\">\n\t\t\t\t\t\t\tCOMMUNICATION\n\t\t\t\t\t<\/a>\n\t\t\t\t<img decoding=\"async\" src=\"https:\/\/www.terryberry.com\/wp-content\/uploads\/2023\/04\/rewardicon@4x.png\" alt=\"rewardicon@4x\" itemprop=\"image\" title=\"rewardicon@4x\" onerror=\"this.style.display='none'\">\n<h3>\n\t\tR\u00e9compenser\n\t<\/h3>\n\tSoyez r\u00e9compens\u00e9s par des marchandises,<br>\nexp\u00e9riences et des r\u00e9compenses personnalis\u00e9es.\n\t\t\t<a href=\"\" target=\"_self\" rel=\"noopener\">\n\t\t\t\t\t\t\tPlateforme De R\u00e9compense\n\t\t\t\t\t<\/a>\n\t\t\t<a href=\"\" target=\"_self\" rel=\"noopener\">\n\t\t\t\t\t\t\tR\u00e9compense Personnalis\u00e9es\n\t\t\t\t\t<\/a>\n\t\t\t<a href=\"\" target=\"_self\" rel=\"noopener\">\n\t\t\t\t\t\t\tSwag Personnalis\u00e9\n\t\t\t\t\t<\/a>\n\t\t\t\t<img decoding=\"async\" src=\"https:\/\/www.terryberry.com\/wp-content\/uploads\/2023\/05\/Succeed-Icon-01-995x1024.png\" alt=\"Succeed Icon-01\" itemprop=\"image\" height=\"1024\" width=\"995\" title=\"Succeed Icon-01\" onerror=\"this.style.display='none'\">\n<h3>\n\t\tR\u00e9ussir\n\t<\/h3>\n\tR\u00e9ussir gr\u00e2ce \u00e0 des enqu\u00eates et des<br>\nanalytiques qui permettent de suivre l&#8217;impact r\u00e9el\n\t\t\t<a href=\"\" target=\"_self\" rel=\"noopener\">\n\t\t\t\t\t\t\tEnqu\u00eates \n\t\t\t\t\t<\/a>\n\t\t\t<a href=\"\" target=\"_self\" rel=\"noopener\">\n\t\t\t\t\t\t\t360 R\u00e9troaction\n\t\t\t\t\t<\/a>\n\t\t\t<a href=\"\" target=\"_self\" rel=\"noopener\">\n\t\t\t\t\t\t\tAnalytiques\n\t\t\t\t\t<\/a>\n<h2>\n\t\t\u00caTRE ENGAG\u00c9\n\t<\/h2>\n<h5>\n\t\tConstruire une culture par le biais d&#8217;une reconnaissance ax\u00e9e sur les valeurs, d&#8217;un bien-\u00eatre holistique et d&#8217;une communication ouverte.\n\t<\/h5>\n\t\t\t<h3> RECONNAISSANCE<\/h3> <p>Avec la reconnaissance sociale, ne manquez jamais une occasion de remercier ou de c\u00e9l\u00e9brer une \u00e9tape cl\u00e9 ou une r\u00e9compense de service. Cr\u00e9ez une culture de la reconnaissance adapt\u00e9e \u00e0 vos employ\u00e9s, \u00e0 vos valeurs et \u00e0 votre budget.<\/p>\t\t\n\t\t\t<h3> BIEN-\u00caTRE<\/h3> <p>Engagez votre \u00e9quipe dans des d\u00e9fis de bien-\u00eatre qui d\u00e9veloppent la sant\u00e9 de l&#8217;entreprise, renforcent la camaraderie entre les membres de l&#8217;\u00e9quipe et am\u00e9liorent le bien-\u00eatre mental des employ\u00e9s. Le tout en s&#8217;amusant.<\/p>\t\t\n\t\t\t<h3> COMMUNICATIONS<\/h3> <p>Avec des annonces et des rappels envoy\u00e9s via l&#8217;application mobile, les employ\u00e9s ne sont plus jamais tenus \u00e0 l&#8217;\u00e9cart.<\/p>\t\t\n\t\t\t<a href=\"#\" target=\"_self\" rel=\"noopener\">\n\t\t\t\t\t\t\tApprendre encore plus\n\t\t\t\t\t<\/a>\n<h2>\n\t\tSOYEZ R\u00c9COMPENS\u00c9\n\t<\/h2>\n<h5>\n\t\tOffrez plus qu&#8217;un cadeau &#8211; offrez des r\u00e9compenses qui permettent \u00e0 vos employ\u00e9s de se sentir partie prenante de la grande mission de votre entreprise.\n\t<\/h5>\n\t\t\t<h3> PLATEFORME DE R\u00c9COMPENSES<\/h3> <p>Offrez une exp\u00e9rience d&#8217;achat de premier ordre pour des marchandises provenant de milliers de grandes marques, ainsi que des voyages et des dons caritatifs. International ? Pas de probl\u00e8me. Nous proposons m\u00eame un service d&#8217;ex\u00e9cution international.<\/p>\t\t\n\t\t\t<h3> R\u00c9COMPENSES PERSONNALIS\u00c9ES<\/h3> <p>Qu&#8217;il s&#8217;agisse de bijoux, de bureaux ou de kits de pr\u00e9sentation, Terryberry offre la plus grande s\u00e9lection de r\u00e9compenses personnalis\u00e9es sur le march\u00e9 aujourd&#8217;hui.<\/p>\t\t\n\t\t\t<h3> SWAG PERSONNALIS\u00c9<\/h3> <p>Favorisez une culture d&#8217;entreprise forte en cr\u00e9ant un sens de la communaut\u00e9 et de l&#8217;identit\u00e9 de l&#8217;entreprise avec le SWAG.<\/p>\t\t\n\t\t\t<a href=\"#\" target=\"_self\" rel=\"noopener\">\n\t\t\t\t\t\t\tApprendre encore plus\n\t\t\t\t\t<\/a>\n<h2>\n\t\t\u00caTRE PERFORMANT\n\t<\/h2>\n<h5>\n\t\tAssurez-vous que votre strat\u00e9gie d&#8217;engagement est efficace gr\u00e2ce aux enqu\u00eates aupr\u00e8s des employ\u00e9s, au feedback \u00e0 360\u00b0 et aux analyses.\n\t<\/h5>\n\t\t\t<h3> Sondages<\/h3> <p>Obtenez une vision claire des souhaits, des besoins et des attentes de vos employ\u00e9s gr\u00e2ce aux enqu\u00eates de satisfaction et commencez \u00e0 conduire des changements organisationnels.<\/p>\t\t\n\t\t\t<h3> ANALYTIQUE<\/h3> <p>Apportez de l&#8217;intelligence \u00e9conomique \u00e0 toutes vos donn\u00e9es de feedback des employ\u00e9s gr\u00e2ce \u00e0 des visualisations faciles \u00e0 interpr\u00e9ter.<\/p>\t\t\n\t\t\t<h3>  360 R\u00c9ACTIONS<\/h3> <p>Offrir aux employ\u00e9s un canal leur permettant de fournir un retour d&#8217;information constructif et anonyme \u00e0 leurs sup\u00e9rieurs, \u00e0 leurs pairs et \u00e0 leurs subordonn\u00e9s directs.<\/p>\t\t\n\t\t\t<a href=\"#\" target=\"_self\" rel=\"noopener\">\n\t\t\t\t\t\t\tApprendre encore plus\n\t\t\t\t\t<\/a>\n<h2>\n\t\tUne plateforme, plusieurs solutions.\n\t<\/h2>\n    <a href=\"#gformModal_11\" data-toggle=\"modal\">Schedule a Demo<\/a>\n","protected":false},"excerpt":{"rendered":"<p>Plateforme d&#8217;engagement des employ\u00e9s Une plateforme, plusieurs solutions. Lorsque la reconnaissance, les r\u00e9compenses, le bien-\u00eatre et l&#8217;analyse se combinent, la culture d&#8217;entreprise commence \u00e0 se transformer. Transformez votre organisation en une \u00e9quipe engag\u00e9e et motiv\u00e9e gr\u00e2ce \u00e0 la puissance d&#8217;un outil complet &#8211; la plateforme Be. ENGAGER R\u00c9COMPENSER R\u00c9USSIR Transformer l&#8217;engagement des employ\u00e9s avec une [&hellip;]<\/p>\n","protected":false},"author":21,"featured_media":0,"parent":0,"menu_order":0,"comment_status":"closed","ping_status":"closed","template":"","meta":{"_acf_changed":false,"content-type":"","inline_featured_image":false,"footnotes":""},"class_list":["post-72371","page","type-page","status-publish","hentry","last","even"],"acf":[],"yoast_head":"<!-- This site is optimized with the Yoast SEO Premium plugin v22.1 (Yoast SEO v27.0) - https:\/\/yoast.com\/product\/yoast-seo-premium-wordpress\/ -->\n<title>Employee Recognition Software &amp; Platform - Terryberry<\/title>\n<meta name=\"description\" content=\"Terryberry&#039;s 360 Recognition Platform is one hub with everything you need for effective employee recognition in your organization. Learn more.\" \/>\n<meta name=\"robots\" content=\"index, follow, max-snippet:-1, max-image-preview:large, max-video-preview:-1\" \/>\n<link rel=\"canonical\" href=\"https:\/\/www.terryberry.com\/fr-ca\/plateforme-dengagement-des-employes\/\" \/>\n<meta property=\"og:locale\" content=\"fr_CA\" \/>\n<meta property=\"og:type\" content=\"article\" \/>\n<meta property=\"og:title\" content=\"Plateforme d&#039;engagement des employ\u00e9s - CA\" \/>\n<meta property=\"og:description\" content=\"Terryberry&#039;s 360 Recognition Platform is one hub with everything you need for effective employee recognition in your organization. Learn more.\" \/>\n<meta property=\"og:url\" content=\"https:\/\/www.terryberry.com\/fr-ca\/plateforme-dengagement-des-employes\/\" \/>\n<meta property=\"og:site_name\" content=\"Terryberry\" \/>\n<meta property=\"article:publisher\" content=\"https:\/\/www.facebook.com\/TerryberryCompany\/\" \/>\n<meta property=\"article:modified_time\" content=\"2024-03-11T14:35:00+00:00\" \/>\n<meta property=\"og:image\" content=\"https:\/\/www.terryberry.com\/wp-content\/uploads\/2023\/04\/threephones.png\" \/>\n<meta name=\"twitter:card\" content=\"summary_large_image\" \/>\n<meta name=\"twitter:site\" content=\"@Terryberryco\" \/>\n<meta name=\"twitter:label1\" content=\"Est. reading time\" \/>\n\t<meta name=\"twitter:data1\" content=\"3 minutes\" \/>\n<script type=\"application\/ld+json\" class=\"yoast-schema-graph\">{\"@context\":\"https:\/\/schema.org\",\"@graph\":[{\"@type\":\"WebPage\",\"@id\":\"https:\/\/www.terryberry.com\/fr-ca\/plateforme-dengagement-des-employes\/\",\"url\":\"https:\/\/www.terryberry.com\/fr-ca\/plateforme-dengagement-des-employes\/\",\"name\":\"Employee Recognition Software & Platform - Terryberry\",\"isPartOf\":{\"@id\":\"https:\/\/www.terryberry.com\/#website\"},\"primaryImageOfPage\":{\"@id\":\"https:\/\/www.terryberry.com\/fr-ca\/plateforme-dengagement-des-employes\/#primaryimage\"},\"image\":{\"@id\":\"https:\/\/www.terryberry.com\/fr-ca\/plateforme-dengagement-des-employes\/#primaryimage\"},\"thumbnailUrl\":\"https:\/\/www.terryberry.com\/wp-content\/uploads\/2023\/04\/threephones.png\",\"datePublished\":\"2022-05-19T17:21:32+00:00\",\"dateModified\":\"2024-03-11T14:35:00+00:00\",\"description\":\"Terryberry's 360 Recognition Platform is one hub with everything you need for effective employee recognition in your organization. Learn more.\",\"breadcrumb\":{\"@id\":\"https:\/\/www.terryberry.com\/fr-ca\/plateforme-dengagement-des-employes\/#breadcrumb\"},\"inLanguage\":\"fr-CA\",\"potentialAction\":[{\"@type\":\"ReadAction\",\"target\":[\"https:\/\/www.terryberry.com\/fr-ca\/plateforme-dengagement-des-employes\/\"]}]},{\"@type\":\"ImageObject\",\"inLanguage\":\"fr-CA\",\"@id\":\"https:\/\/www.terryberry.com\/fr-ca\/plateforme-dengagement-des-employes\/#primaryimage\",\"url\":\"https:\/\/www.terryberry.com\/wp-content\/uploads\/2023\/04\/threephones.png\",\"contentUrl\":\"https:\/\/www.terryberry.com\/wp-content\/uploads\/2023\/04\/threephones.png\"},{\"@type\":\"BreadcrumbList\",\"@id\":\"https:\/\/www.terryberry.com\/fr-ca\/plateforme-dengagement-des-employes\/#breadcrumb\",\"itemListElement\":[{\"@type\":\"ListItem\",\"position\":1,\"name\":\"Home\",\"item\":\"https:\/\/www.terryberry.com\/\"},{\"@type\":\"ListItem\",\"position\":2,\"name\":\"Plateforme d&#8217;engagement des employ\u00e9s &#8211; CA\"}]},{\"@type\":\"WebSite\",\"@id\":\"https:\/\/www.terryberry.com\/#website\",\"url\":\"https:\/\/www.terryberry.com\/\",\"name\":\"Terryberry\",\"description\":\"Employee Recognition and Reward Programs\",\"publisher\":{\"@id\":\"https:\/\/www.terryberry.com\/#organization\"},\"potentialAction\":[{\"@type\":\"SearchAction\",\"target\":{\"@type\":\"EntryPoint\",\"urlTemplate\":\"https:\/\/www.terryberry.com\/?s={search_term_string}\"},\"query-input\":{\"@type\":\"PropertyValueSpecification\",\"valueRequired\":true,\"valueName\":\"search_term_string\"}}],\"inLanguage\":\"fr-CA\"},{\"@type\":\"Organization\",\"@id\":\"https:\/\/www.terryberry.com\/#organization\",\"name\":\"Terryberry\",\"url\":\"https:\/\/www.terryberry.com\/\",\"logo\":{\"@type\":\"ImageObject\",\"inLanguage\":\"fr-CA\",\"@id\":\"https:\/\/www.terryberry.com\/#\/schema\/logo\/image\/\",\"url\":\"https:\/\/www.terryberry.com\/wp-content\/uploads\/2021\/07\/NEW-Terryberry-Logo-2.jpg\",\"contentUrl\":\"https:\/\/www.terryberry.com\/wp-content\/uploads\/2021\/07\/NEW-Terryberry-Logo-2.jpg\",\"width\":1098,\"height\":344,\"caption\":\"Terryberry\"},\"image\":{\"@id\":\"https:\/\/www.terryberry.com\/#\/schema\/logo\/image\/\"},\"sameAs\":[\"https:\/\/www.facebook.com\/TerryberryCompany\/\",\"https:\/\/x.com\/Terryberryco\",\"https:\/\/www.linkedin.com\/company\/85647\",\"https:\/\/www.pinterest.com\/terryberryco\/\",\"https:\/\/www.youtube.com\/user\/employeerecognition\"]}]}<\/script>\n<!-- \/ Yoast SEO Premium plugin. -->","yoast_head_json":{"title":"Employee Recognition Software & Platform - Terryberry","description":"Terryberry's 360 Recognition Platform is one hub with everything you need for effective employee recognition in your organization. Learn more.","robots":{"index":"index","follow":"follow","max-snippet":"max-snippet:-1","max-image-preview":"max-image-preview:large","max-video-preview":"max-video-preview:-1"},"canonical":"https:\/\/www.terryberry.com\/fr-ca\/plateforme-dengagement-des-employes\/","og_locale":"fr_CA","og_type":"article","og_title":"Plateforme d'engagement des employ\u00e9s - CA","og_description":"Terryberry's 360 Recognition Platform is one hub with everything you need for effective employee recognition in your organization. Learn more.","og_url":"https:\/\/www.terryberry.com\/fr-ca\/plateforme-dengagement-des-employes\/","og_site_name":"Terryberry","article_publisher":"https:\/\/www.facebook.com\/TerryberryCompany\/","article_modified_time":"2024-03-11T14:35:00+00:00","og_image":[{"url":"https:\/\/www.terryberry.com\/wp-content\/uploads\/2023\/04\/threephones.png","type":"","width":"","height":""}],"twitter_card":"summary_large_image","twitter_site":"@Terryberryco","twitter_misc":{"Est. reading time":"3 minutes"},"schema":{"@context":"https:\/\/schema.org","@graph":[{"@type":"WebPage","@id":"https:\/\/www.terryberry.com\/fr-ca\/plateforme-dengagement-des-employes\/","url":"https:\/\/www.terryberry.com\/fr-ca\/plateforme-dengagement-des-employes\/","name":"Employee Recognition Software & Platform - Terryberry","isPartOf":{"@id":"https:\/\/www.terryberry.com\/#website"},"primaryImageOfPage":{"@id":"https:\/\/www.terryberry.com\/fr-ca\/plateforme-dengagement-des-employes\/#primaryimage"},"image":{"@id":"https:\/\/www.terryberry.com\/fr-ca\/plateforme-dengagement-des-employes\/#primaryimage"},"thumbnailUrl":"https:\/\/www.terryberry.com\/wp-content\/uploads\/2023\/04\/threephones.png","datePublished":"2022-05-19T17:21:32+00:00","dateModified":"2024-03-11T14:35:00+00:00","description":"Terryberry's 360 Recognition Platform is one hub with everything you need for effective employee recognition in your organization. Learn more.","breadcrumb":{"@id":"https:\/\/www.terryberry.com\/fr-ca\/plateforme-dengagement-des-employes\/#breadcrumb"},"inLanguage":"fr-CA","potentialAction":[{"@type":"ReadAction","target":["https:\/\/www.terryberry.com\/fr-ca\/plateforme-dengagement-des-employes\/"]}]},{"@type":"ImageObject","inLanguage":"fr-CA","@id":"https:\/\/www.terryberry.com\/fr-ca\/plateforme-dengagement-des-employes\/#primaryimage","url":"https:\/\/www.terryberry.com\/wp-content\/uploads\/2023\/04\/threephones.png","contentUrl":"https:\/\/www.terryberry.com\/wp-content\/uploads\/2023\/04\/threephones.png"},{"@type":"BreadcrumbList","@id":"https:\/\/www.terryberry.com\/fr-ca\/plateforme-dengagement-des-employes\/#breadcrumb","itemListElement":[{"@type":"ListItem","position":1,"name":"Home","item":"https:\/\/www.terryberry.com\/"},{"@type":"ListItem","position":2,"name":"Plateforme d&#8217;engagement des employ\u00e9s &#8211; CA"}]},{"@type":"WebSite","@id":"https:\/\/www.terryberry.com\/#website","url":"https:\/\/www.terryberry.com\/","name":"Terryberry","description":"Employee Recognition and Reward Programs","publisher":{"@id":"https:\/\/www.terryberry.com\/#organization"},"potentialAction":[{"@type":"SearchAction","target":{"@type":"EntryPoint","urlTemplate":"https:\/\/www.terryberry.com\/?s={search_term_string}"},"query-input":{"@type":"PropertyValueSpecification","valueRequired":true,"valueName":"search_term_string"}}],"inLanguage":"fr-CA"},{"@type":"Organization","@id":"https:\/\/www.terryberry.com\/#organization","name":"Terryberry","url":"https:\/\/www.terryberry.com\/","logo":{"@type":"ImageObject","inLanguage":"fr-CA","@id":"https:\/\/www.terryberry.com\/#\/schema\/logo\/image\/","url":"https:\/\/www.terryberry.com\/wp-content\/uploads\/2021\/07\/NEW-Terryberry-Logo-2.jpg","contentUrl":"https:\/\/www.terryberry.com\/wp-content\/uploads\/2021\/07\/NEW-Terryberry-Logo-2.jpg","width":1098,"height":344,"caption":"Terryberry"},"image":{"@id":"https:\/\/www.terryberry.com\/#\/schema\/logo\/image\/"},"sameAs":["https:\/\/www.facebook.com\/TerryberryCompany\/","https:\/\/x.com\/Terryberryco","https:\/\/www.linkedin.com\/company\/85647","https:\/\/www.pinterest.com\/terryberryco\/","https:\/\/www.youtube.com\/user\/employeerecognition"]}]}},"_links":{"self":[{"href":"https:\/\/www.terryberry.com\/fr-ca\/wp-json\/wp\/v2\/pages\/72371","targetHints":{"allow":["GET"]}}],"collection":[{"href":"https:\/\/www.terryberry.com\/fr-ca\/wp-json\/wp\/v2\/pages"}],"about":[{"href":"https:\/\/www.terryberry.com\/fr-ca\/wp-json\/wp\/v2\/types\/page"}],"author":[{"embeddable":true,"href":"https:\/\/www.terryberry.com\/fr-ca\/wp-json\/wp\/v2\/users\/21"}],"replies":[{"embeddable":true,"href":"https:\/\/www.terryberry.com\/fr-ca\/wp-json\/wp\/v2\/comments?post=72371"}],"version-history":[{"count":12,"href":"https:\/\/www.terryberry.com\/fr-ca\/wp-json\/wp\/v2\/pages\/72371\/revisions"}],"predecessor-version":[{"id":89911,"href":"https:\/\/www.terryberry.com\/fr-ca\/wp-json\/wp\/v2\/pages\/72371\/revisions\/89911"}],"wp:attachment":[{"href":"https:\/\/www.terryberry.com\/fr-ca\/wp-json\/wp\/v2\/media?parent=72371"}],"curies":[{"name":"wp","href":"https:\/\/api.w.org\/{rel}","templated":true}]}}